{"id":94,"date":"2024-01-24T12:30:41","date_gmt":"2024-01-24T12:30:41","guid":{"rendered":"https:\/\/aguasfontaneria.com\/?page_id=94"},"modified":"2024-02-29T18:25:41","modified_gmt":"2024-02-29T18:25:41","slug":"formulario-contacto","status":"publish","type":"page","link":"https:\/\/aguasfontaneria.com\/en\/formulario-contacto\/","title":{"rendered":"Contact Form"},"content":{"rendered":"<div class=\"wp-block-group is-vertical is-content-justification-center is-layout-flex wp-container-core-group-is-layout-b6c1f246 wp-block-group-is-layout-flex\">\n<p class=\"has-text-align-center\"><strong>To expedite the water heater repair, we need to know:<\/strong><\/p>\n\n\n\n<div class=\"wp-block-contact-form-7-contact-form-selector\">\n<div class=\"wpcf7 no-js\" id=\"wpcf7-f93-o1\" lang=\"es-ES\" dir=\"ltr\" data-wpcf7-id=\"93\">\n<div class=\"screen-reader-response\"><p role=\"status\" aria-live=\"polite\" aria-atomic=\"true\"><\/p> <ul><\/ul><\/div>\n<form action=\"\/en\/wp-json\/wp\/v2\/pages\/94#wpcf7-f93-o1\" method=\"post\" class=\"wpcf7-form init\" aria-label=\"Formulario de contacto\" novalidate=\"novalidate\" data-status=\"init\" data-trp-original-action=\"\/en\/wp-json\/wp\/v2\/pages\/94#wpcf7-f93-o1\">\n<fieldset class=\"hidden-fields-container\"><input type=\"hidden\" name=\"_wpcf7\" value=\"93\" \/><input type=\"hidden\" name=\"_wpcf7_version\" value=\"6.1.5\" \/><input type=\"hidden\" name=\"_wpcf7_locale\" value=\"es_ES\" \/><input type=\"hidden\" name=\"_wpcf7_unit_tag\" value=\"wpcf7-f93-o1\" \/><input type=\"hidden\" name=\"_wpcf7_container_post\" value=\"0\" \/><input type=\"hidden\" name=\"_wpcf7_posted_data_hash\" value=\"\" \/>\n<\/fieldset>\n<style>\n body {\n font-family: Arial, sans-serif;\n background-color: #f4f4f4;\n text-align: center;\n margin: 0;\n padding: 0;\n }\n\n form {\n max-width: 400px;\n background-color: #ffffff;\n padding: 20px;\n border-radius: 8px;\n box-shadow: 0 0 10px rgba(0, 0, 0, 0.1);\n margin: 0 auto;\n text-align: left;\n }\n\n label {\n display: block;\n margin-bottom: 10px;\n }\n\n input,\n select,\n textarea {\n width: 100%;\n padding: 8px;\n margin-bottom: 15px;\n box-sizing: border-box;\n }\n\n select {\n height: 38px;\n }\n\n .submit {\n background-color: #4caf50;\n color: #fff;\n padding: 10px 15px;\n border: none;\n border-radius: 4px;\n cursor: pointer;\n }\n<\/style>\n<div id=\"formulario\">\n\t<form action=\"\/formulario-contacto\" method=\"post\">\n\t\t<p><label> Name<br \/>\n<span class=\"wpcf7-form-control-wrap\" data-name=\"your-name\"><input size=\"40\" maxlength=\"400\" class=\"wpcf7-form-control wpcf7-text wpcf7-validates-as-required\" aria-required=\"true\" aria-invalid=\"false\" value=\"\" type=\"text\" name=\"your-name\" \/><\/span><br \/>\n<\/label>\n\t\t<\/p>\n\t\t<p><label> e-mail<br \/>\n<span class=\"wpcf7-form-control-wrap\" data-name=\"your-email\"><input size=\"40\" maxlength=\"400\" class=\"wpcf7-form-control wpcf7-email wpcf7-validates-as-required wpcf7-text wpcf7-validates-as-email\" aria-required=\"true\" aria-invalid=\"false\" value=\"\" type=\"email\" name=\"your-email\" \/><\/span><br \/>\n<\/label>\n\t\t<\/p>\n\t\t<p><label> Phone Number<br \/>\n<span class=\"wpcf7-form-control-wrap\" data-name=\"tel-242\"><input size=\"40\" maxlength=\"400\" class=\"wpcf7-form-control wpcf7-tel wpcf7-validates-as-required wpcf7-text wpcf7-validates-as-tel\" aria-required=\"true\" aria-invalid=\"false\" value=\"\" type=\"tel\" name=\"tel-242\" \/><\/span><br \/>\n<\/label>\n\t\t<\/p>\n\t\t<p><label> Location<br \/>\n<span class=\"wpcf7-form-control-wrap\" data-name=\"menu-734\"><select class=\"wpcf7-form-control wpcf7-select wpcf7-validates-as-required\" aria-required=\"true\" aria-invalid=\"false\" name=\"menu-734\"><option value=\"Guardamar del Segura\">Guardamar del Segura<\/option><option value=\"Torrevieja\">Torrevieja<\/option><option value=\"Rojales\">Rojales<\/option><option value=\"San Fulgencio\">San Fulgencio<\/option><\/select><\/span><br \/>\n<\/label>\n\t\t<\/p>\n\t\t<p><label> Street<br \/>\n<span class=\"wpcf7-form-control-wrap\" data-name=\"your-street\"><input size=\"40\" maxlength=\"400\" class=\"wpcf7-form-control wpcf7-text wpcf7-validates-as-required\" aria-required=\"true\" aria-invalid=\"false\" value=\"\" type=\"text\" name=\"your-street\" \/><\/span><br \/>\n<\/label>\n\t\t<\/p>\n\t\t<p><label> Number<br \/>\n<span class=\"wpcf7-form-control-wrap\" data-name=\"your-number\"><input size=\"40\" maxlength=\"400\" class=\"wpcf7-form-control wpcf7-text wpcf7-validates-as-required\" aria-required=\"true\" aria-invalid=\"false\" value=\"\" type=\"text\" name=\"your-number\" \/><\/span><br \/>\n<\/label>\n\t\t<\/p>\n\t\t<p><label> Door<br \/>\n<span class=\"wpcf7-form-control-wrap\" data-name=\"your-door\"><input size=\"40\" maxlength=\"400\" class=\"wpcf7-form-control wpcf7-text wpcf7-validates-as-required\" aria-required=\"true\" aria-invalid=\"false\" value=\"\" type=\"text\" name=\"your-door\" \/><\/span><br \/>\n<\/label>\n\t\t<\/p>\n\t\t<p><label> What is happening with the water heater?:<br \/>\n<span class=\"wpcf7-form-control-wrap\" data-name=\"menu-224\"><select class=\"wpcf7-form-control wpcf7-select wpcf7-validates-as-required\" aria-required=\"true\" aria-invalid=\"false\" name=\"menu-224\"><option value=\"Gotea \/ There&#039;s a leak\">Gotea \/ There&#039;s a leak<\/option><option value=\"No calienta \/ It doesn&#039;t heat up\">No calienta \/ It doesn&#039;t heat up<\/option><option value=\"Salta el autom\u00e1tico \/ The breaker trips\">Salta el autom\u00e1tico \/ The breaker trips<\/option><\/select><\/span><br \/>\n<\/label>\n\t\t<\/p>\n\t\t<p><label> What type of water heater do you need?:<br \/>\n<span class=\"wpcf7-form-control-wrap\" data-name=\"menu-809\"><select class=\"wpcf7-form-control wpcf7-select wpcf7-validates-as-required\" aria-required=\"true\" aria-invalid=\"false\" name=\"menu-809\"><option value=\"50l\">50l<\/option><option value=\"80l\">80l<\/option><option value=\"100l\">100l<\/option><\/select><\/span><br \/>\n<\/label>\n\t\t<\/p>\n\t\t<p><input class=\"wpcf7-form-control wpcf7-submit has-spinner\" type=\"submit\" value=\"Send\" \/>\n\t\t<\/p>\n\t<\/form>\n<\/div><div class=\"wpcf7-response-output\" aria-hidden=\"true\"><\/div>\n<input type=\"hidden\" name=\"trp-form-language\" value=\"en\"\/><\/form>\n<\/div>\n<\/div>\n\n\n\n<div style=\"height:36px\" aria-hidden=\"true\" class=\"wp-block-spacer wp-container-content-1b8dd66d\"><\/div>\n<\/div>\n\n\n\n<p style=\"font-size:11px\" class=\"translation-block\">The information provided in this form will only be used for the purpose of responding to your inquiry or request. Your personal data will be protected in accordance with our privacy policy and will not be shared with third parties without your consent. By submitting this form, you agree to your data being processed in accordance with these terms. <a href=\"https:\/\/aguasfontaneria.com\/en\/privacy-policy\/\" target=\"_self\">Privacy Policy<\/a><\/p>","protected":false},"excerpt":{"rendered":"<p>Para acelerar la reparaci\u00f3n del calentador necesitamos saber: La informaci\u00f3n proporcionada en este formulario ser\u00e1 utilizada \u00fanicamente con el prop\u00f3sito de responder a tu consulta o solicitud. Tus datos personales estar\u00e1n protegidos de acuerdo con nuestra pol\u00edtica de privacidad y no ser\u00e1n compartidos con terceros sin tu consentimiento. Al enviar este formulario, aceptas que tus [&hellip;]<\/p>\n","protected":false},"author":1,"featured_media":0,"parent":0,"menu_order":0,"comment_status":"closed","ping_status":"closed","template":"","meta":{"_themeisle_gutenberg_block_has_review":false,"footnotes":""},"class_list":["post-94","page","type-page","status-publish","hentry"],"yoast_head":"<!-- This site is optimized with the Yoast SEO plugin v27.4 - https:\/\/yoast.com\/product\/yoast-seo-wordpress\/ -->\n<title>Formulario Contacto - AGUAS Fontaner&iacute;a<\/title>\n<meta name=\"description\" content=\"Reparaciones urgentes en de calentador de agua en la Vega Baja provincia de Alicante. Aguas Fontaner\u00eda especialistas en cambio de calentador.\" \/>\n<meta name=\"robots\" content=\"index, follow, max-snippet:-1, max-image-preview:large, max-video-preview:-1\" \/>\n<link rel=\"canonical\" href=\"https:\/\/aguasfontaneria.com\/en\/formulario-contacto\/\" \/>\n<meta property=\"og:locale\" content=\"en_GB\" \/>\n<meta property=\"og:type\" content=\"article\" \/>\n<meta property=\"og:title\" content=\"Formulario Contacto - AGUAS Fontaner&iacute;a\" \/>\n<meta property=\"og:description\" content=\"Reparaciones urgentes en de calentador de agua en la Vega Baja provincia de Alicante. Aguas Fontaner\u00eda especialistas en cambio de calentador.\" \/>\n<meta property=\"og:url\" content=\"https:\/\/aguasfontaneria.com\/en\/formulario-contacto\/\" \/>\n<meta property=\"og:site_name\" content=\"AGUAS Fontaner&iacute;a\" \/>\n<meta property=\"article:modified_time\" content=\"2024-02-29T18:25:41+00:00\" \/>\n<meta name=\"twitter:card\" content=\"summary_large_image\" \/>\n<meta name=\"twitter:label1\" content=\"Estimated reading time\" \/>\n\t<meta name=\"twitter:data1\" content=\"1 minute\" \/>\n<script type=\"application\/ld+json\" class=\"yoast-schema-graph\">{\"@context\":\"https:\\\/\\\/schema.org\",\"@graph\":[{\"@type\":\"WebPage\",\"@id\":\"https:\\\/\\\/aguasfontaneria.com\\\/formulario-contacto\\\/\",\"url\":\"https:\\\/\\\/aguasfontaneria.com\\\/formulario-contacto\\\/\",\"name\":\"Formulario Contacto - AGUAS Fontaner&iacute;a\",\"isPartOf\":{\"@id\":\"https:\\\/\\\/aguasfontaneria.com\\\/#website\"},\"datePublished\":\"2024-01-24T12:30:41+00:00\",\"dateModified\":\"2024-02-29T18:25:41+00:00\",\"description\":\"Reparaciones urgentes en de calentador de agua en la Vega Baja provincia de Alicante. Aguas Fontaner\u00eda especialistas en cambio de calentador.\",\"breadcrumb\":{\"@id\":\"https:\\\/\\\/aguasfontaneria.com\\\/formulario-contacto\\\/#breadcrumb\"},\"inLanguage\":\"en-GB\",\"potentialAction\":[{\"@type\":\"ReadAction\",\"target\":[\"https:\\\/\\\/aguasfontaneria.com\\\/formulario-contacto\\\/\"]}]},{\"@type\":\"BreadcrumbList\",\"@id\":\"https:\\\/\\\/aguasfontaneria.com\\\/formulario-contacto\\\/#breadcrumb\",\"itemListElement\":[{\"@type\":\"ListItem\",\"position\":1,\"name\":\"Portada\",\"item\":\"https:\\\/\\\/aguasfontaneria.com\\\/\"},{\"@type\":\"ListItem\",\"position\":2,\"name\":\"Formulario Contacto\"}]},{\"@type\":\"WebSite\",\"@id\":\"https:\\\/\\\/aguasfontaneria.com\\\/#website\",\"url\":\"https:\\\/\\\/aguasfontaneria.com\\\/\",\"name\":\"AGUAS Fontaner&iacute;a\",\"description\":\"CALENTADOR EL&Eacute;CTRICO EN 24\\\/48 Horas\",\"publisher\":{\"@id\":\"https:\\\/\\\/aguasfontaneria.com\\\/#organization\"},\"potentialAction\":[{\"@type\":\"SearchAction\",\"target\":{\"@type\":\"EntryPoint\",\"urlTemplate\":\"https:\\\/\\\/aguasfontaneria.com\\\/?s={search_term_string}\"},\"query-input\":{\"@type\":\"PropertyValueSpecification\",\"valueRequired\":true,\"valueName\":\"search_term_string\"}}],\"inLanguage\":\"en-GB\"},{\"@type\":\"Organization\",\"@id\":\"https:\\\/\\\/aguasfontaneria.com\\\/#organization\",\"name\":\"AGUAS Fontaner&iacute;a\",\"url\":\"https:\\\/\\\/aguasfontaneria.com\\\/\",\"logo\":{\"@type\":\"ImageObject\",\"inLanguage\":\"en-GB\",\"@id\":\"https:\\\/\\\/aguasfontaneria.com\\\/#\\\/schema\\\/logo\\\/image\\\/\",\"url\":\"https:\\\/\\\/i0.wp.com\\\/aguasfontaneria.com\\\/wp-content\\\/uploads\\\/2023\\\/12\\\/Logo-4X%404x.png?fit=608%2C298&ssl=1\",\"contentUrl\":\"https:\\\/\\\/i0.wp.com\\\/aguasfontaneria.com\\\/wp-content\\\/uploads\\\/2023\\\/12\\\/Logo-4X%404x.png?fit=608%2C298&ssl=1\",\"width\":608,\"height\":298,\"caption\":\"AGUAS Fontaner&iacute;a\"},\"image\":{\"@id\":\"https:\\\/\\\/aguasfontaneria.com\\\/#\\\/schema\\\/logo\\\/image\\\/\"}}]}<\/script>\n<!-- \/ Yoast SEO plugin. -->","yoast_head_json":{"title":"Formulario Contacto - AGUAS Fontaner&iacute;a","description":"Reparaciones urgentes en de calentador de agua en la Vega Baja provincia de Alicante. Aguas Fontaner\u00eda especialistas en cambio de calentador.","robots":{"index":"index","follow":"follow","max-snippet":"max-snippet:-1","max-image-preview":"max-image-preview:large","max-video-preview":"max-video-preview:-1"},"canonical":"https:\/\/aguasfontaneria.com\/en\/formulario-contacto\/","og_locale":"en_GB","og_type":"article","og_title":"Formulario Contacto - AGUAS Fontaner&iacute;a","og_description":"Reparaciones urgentes en de calentador de agua en la Vega Baja provincia de Alicante. Aguas Fontaner\u00eda especialistas en cambio de calentador.","og_url":"https:\/\/aguasfontaneria.com\/en\/formulario-contacto\/","og_site_name":"AGUAS Fontaner&iacute;a","article_modified_time":"2024-02-29T18:25:41+00:00","twitter_card":"summary_large_image","twitter_misc":{"Estimated reading time":"1 minute"},"schema":{"@context":"https:\/\/schema.org","@graph":[{"@type":"WebPage","@id":"https:\/\/aguasfontaneria.com\/formulario-contacto\/","url":"https:\/\/aguasfontaneria.com\/formulario-contacto\/","name":"Formulario Contacto - AGUAS Fontaner&iacute;a","isPartOf":{"@id":"https:\/\/aguasfontaneria.com\/#website"},"datePublished":"2024-01-24T12:30:41+00:00","dateModified":"2024-02-29T18:25:41+00:00","description":"Reparaciones urgentes en de calentador de agua en la Vega Baja provincia de Alicante. Aguas Fontaner\u00eda especialistas en cambio de calentador.","breadcrumb":{"@id":"https:\/\/aguasfontaneria.com\/formulario-contacto\/#breadcrumb"},"inLanguage":"en-GB","potentialAction":[{"@type":"ReadAction","target":["https:\/\/aguasfontaneria.com\/formulario-contacto\/"]}]},{"@type":"BreadcrumbList","@id":"https:\/\/aguasfontaneria.com\/formulario-contacto\/#breadcrumb","itemListElement":[{"@type":"ListItem","position":1,"name":"Portada","item":"https:\/\/aguasfontaneria.com\/"},{"@type":"ListItem","position":2,"name":"Formulario Contacto"}]},{"@type":"WebSite","@id":"https:\/\/aguasfontaneria.com\/#website","url":"https:\/\/aguasfontaneria.com\/","name":"AGUAS Fontaner&iacute;a","description":"CALENTADOR EL&Eacute;CTRICO EN 24\/48 Horas","publisher":{"@id":"https:\/\/aguasfontaneria.com\/#organization"},"potentialAction":[{"@type":"SearchAction","target":{"@type":"EntryPoint","urlTemplate":"https:\/\/aguasfontaneria.com\/?s={search_term_string}"},"query-input":{"@type":"PropertyValueSpecification","valueRequired":true,"valueName":"search_term_string"}}],"inLanguage":"en-GB"},{"@type":"Organization","@id":"https:\/\/aguasfontaneria.com\/#organization","name":"AGUAS Fontaner&iacute;a","url":"https:\/\/aguasfontaneria.com\/","logo":{"@type":"ImageObject","inLanguage":"en-GB","@id":"https:\/\/aguasfontaneria.com\/#\/schema\/logo\/image\/","url":"https:\/\/i0.wp.com\/aguasfontaneria.com\/wp-content\/uploads\/2023\/12\/Logo-4X%404x.png?fit=608%2C298&ssl=1","contentUrl":"https:\/\/i0.wp.com\/aguasfontaneria.com\/wp-content\/uploads\/2023\/12\/Logo-4X%404x.png?fit=608%2C298&ssl=1","width":608,"height":298,"caption":"AGUAS Fontaner&iacute;a"},"image":{"@id":"https:\/\/aguasfontaneria.com\/#\/schema\/logo\/image\/"}}]}},"jetpack_sharing_enabled":true,"_links":{"self":[{"href":"https:\/\/aguasfontaneria.com\/en\/wp-json\/wp\/v2\/pages\/94","targetHints":{"allow":["GET"]}}],"collection":[{"href":"https:\/\/aguasfontaneria.com\/en\/wp-json\/wp\/v2\/pages"}],"about":[{"href":"https:\/\/aguasfontaneria.com\/en\/wp-json\/wp\/v2\/types\/page"}],"author":[{"embeddable":true,"href":"https:\/\/aguasfontaneria.com\/en\/wp-json\/wp\/v2\/users\/1"}],"replies":[{"embeddable":true,"href":"https:\/\/aguasfontaneria.com\/en\/wp-json\/wp\/v2\/comments?post=94"}],"version-history":[{"count":6,"href":"https:\/\/aguasfontaneria.com\/en\/wp-json\/wp\/v2\/pages\/94\/revisions"}],"predecessor-version":[{"id":147,"href":"https:\/\/aguasfontaneria.com\/en\/wp-json\/wp\/v2\/pages\/94\/revisions\/147"}],"wp:attachment":[{"href":"https:\/\/aguasfontaneria.com\/en\/wp-json\/wp\/v2\/media?parent=94"}],"curies":[{"name":"wp","href":"https:\/\/api.w.org\/{rel}","templated":true}]}}